{"id":409,"date":"2025-02-23T05:52:27","date_gmt":"2025-02-23T05:52:27","guid":{"rendered":"https:\/\/treepinus.cat\/?page_id=409"},"modified":"2025-02-23T15:52:43","modified_gmt":"2025-02-23T15:52:43","slug":"politica-de-cookies","status":"publish","type":"page","link":"https:\/\/treepinus.cat\/es\/politica-de-cookies\/","title":{"rendered":"Pol\u00edtica de Cookies"},"content":{"rendered":"<div data-elementor-type=\"wp-page\" data-elementor-id=\"409\" class=\"elementor elementor-409\" data-elementor-post-type=\"page\">\n\t\t\t\t<div class=\"elementor-element elementor-element-29e40bd e-con-full e-flex e-con e-parent\" data-id=\"29e40bd\" data-element_type=\"container\" data-e-type=\"container\">\n\t\t<div class=\"elementor-element elementor-element-82404fd e-con-full e-flex e-con e-child\" data-id=\"82404fd\" data-element_type=\"container\" data-e-type=\"container\" data-settings=\"{&quot;background_background&quot;:&quot;classic&quot;}\">\n\t\t\t\t<div class=\"elementor-element elementor-element-0d82c14 elementor-widget elementor-widget-heading\" data-id=\"0d82c14\" data-element_type=\"widget\" data-e-type=\"widget\" data-widget_type=\"heading.default\">\n\t\t\t\t<div class=\"elementor-widget-container\">\n\t\t\t\t\t<h2 class=\"elementor-heading-title elementor-size-default\">Pol\u00edtica de cookies <\/h2>\t\t\t\t<\/div>\n\t\t\t\t<\/div>\n\t\t\t\t<\/div>\n\t\t\t\t<\/div>\n\t\t<div class=\"elementor-element elementor-element-9b895a2 e-flex e-con-boxed e-con e-parent\" data-id=\"9b895a2\" data-element_type=\"container\" data-e-type=\"container\">\n\t\t\t\t\t<div class=\"e-con-inner\">\n\t\t\t\t<div class=\"elementor-element elementor-element-df1b7ab elementor-widget elementor-widget-heading\" data-id=\"df1b7ab\" data-element_type=\"widget\" data-e-type=\"widget\" data-widget_type=\"heading.default\">\n\t\t\t\t<div class=\"elementor-widget-container\">\n\t\t\t\t\t<h1 class=\"elementor-heading-title elementor-size-default\">Pol\u00edtica de cookies (UE)<\/h1>\t\t\t\t<\/div>\n\t\t\t\t<\/div>\n\t\t\t\t<div class=\"elementor-element elementor-element-9de2e52 elementor-widget elementor-widget-text-editor\" data-id=\"9de2e52\" data-element_type=\"widget\" data-e-type=\"widget\" data-widget_type=\"text-editor.default\">\n\t\t\t\t<div class=\"elementor-widget-container\">\n\t\t\t\t\t\t\t\t\t<p><i><span style=\"font-weight: 400;\">Esta pol\u00edtica de cookies fue actualizada por \u00faltima vez el 08\/01\/2024 y se aplica a los ciudadanos y residentes legales permanentes del Espacio Econ\u00f3mico Europeo y Suiza.<\/span><\/i><\/p>\t\t\t\t\t\t\t\t<\/div>\n\t\t\t\t<\/div>\n\t\t\t\t<div class=\"elementor-element elementor-element-9cb7656 elementor-widget elementor-widget-heading\" data-id=\"9cb7656\" data-element_type=\"widget\" data-e-type=\"widget\" data-widget_type=\"heading.default\">\n\t\t\t\t<div class=\"elementor-widget-container\">\n\t\t\t\t\t<h1 class=\"elementor-heading-title elementor-size-default\">1. Introducci\u00f3n\n<\/h1>\t\t\t\t<\/div>\n\t\t\t\t<\/div>\n\t\t\t\t<div class=\"elementor-element elementor-element-80a740d elementor-widget elementor-widget-text-editor\" data-id=\"80a740d\" data-element_type=\"widget\" data-e-type=\"widget\" data-widget_type=\"text-editor.default\">\n\t\t\t\t<div class=\"elementor-widget-container\">\n\t\t\t\t\t\t\t\t\t<p><span style=\"font-weight: 400;\">Nuestra web, <\/span><a href=\"https:\/\/polboix.online-valles-webs.com\"><span style=\"font-weight: 400;\">https:\/\/polboix.online-valles-webs.com<\/span><\/a><span style=\"font-weight: 400;\"> (en adelante: &quot;la web&quot;) utiliza cookies y otras tecnolog\u00edas relacionadas (para mayor comodidad, todas las tecnolog\u00edas se denominan &quot;cookies&quot;). Las cookies tambi\u00e9n est\u00e1n colocadas por terceros a los que hemos contratado. En el siguiente documento te informamos sobre el uso de cookies en nuestra web.<\/span><\/p>\t\t\t\t\t\t\t\t<\/div>\n\t\t\t\t<\/div>\n\t\t\t\t<div class=\"elementor-element elementor-element-74df4a3 elementor-widget elementor-widget-heading\" data-id=\"74df4a3\" data-element_type=\"widget\" data-e-type=\"widget\" data-widget_type=\"heading.default\">\n\t\t\t\t<div class=\"elementor-widget-container\">\n\t\t\t\t\t<h1 class=\"elementor-heading-title elementor-size-default\">2. \u00bfQu\u00e9 son las cookies?\n\n<\/h1>\t\t\t\t<\/div>\n\t\t\t\t<\/div>\n\t\t\t\t<div class=\"elementor-element elementor-element-ea01d69 elementor-widget elementor-widget-text-editor\" data-id=\"ea01d69\" data-element_type=\"widget\" data-e-type=\"widget\" data-widget_type=\"text-editor.default\">\n\t\t\t\t<div class=\"elementor-widget-container\">\n\t\t\t\t\t\t\t\t\t<p><span style=\"font-weight: 400;\">Una cookie es un peque\u00f1o archivo que se env\u00eda junto con las p\u00e1ginas de esta web y que tu navegador almacena en el disco duro de su ordenador u otro dispositivo. La informaci\u00f3n almacenada puede ser devuelta a nuestros servidores o servidores de terceros apropiados durante una visita posterior.<\/span><\/p>\t\t\t\t\t\t\t\t<\/div>\n\t\t\t\t<\/div>\n\t\t\t\t<div class=\"elementor-element elementor-element-fcd30ba elementor-widget elementor-widget-heading\" data-id=\"fcd30ba\" data-element_type=\"widget\" data-e-type=\"widget\" data-widget_type=\"heading.default\">\n\t\t\t\t<div class=\"elementor-widget-container\">\n\t\t\t\t\t<h1 class=\"elementor-heading-title elementor-size-default\">3. \u00bfQu\u00e9 son los scripts?\n\n\n<\/h1>\t\t\t\t<\/div>\n\t\t\t\t<\/div>\n\t\t\t\t<div class=\"elementor-element elementor-element-a7646d0 elementor-widget elementor-widget-text-editor\" data-id=\"a7646d0\" data-element_type=\"widget\" data-e-type=\"widget\" data-widget_type=\"text-editor.default\">\n\t\t\t\t<div class=\"elementor-widget-container\">\n\t\t\t\t\t\t\t\t\t<p><span style=\"font-weight: 400;\">Un script es un fragmento de c\u00f3digo de programa que se utiliza para hacer que nuestra web funcione correctamente y de forma interactiva. Este c\u00f3digo se ejecuta en nuestro servidor o en tu dispositivo.<\/span><\/p>\t\t\t\t\t\t\t\t<\/div>\n\t\t\t\t<\/div>\n\t\t\t\t<div class=\"elementor-element elementor-element-8c1d23f elementor-widget elementor-widget-heading\" data-id=\"8c1d23f\" data-element_type=\"widget\" data-e-type=\"widget\" data-widget_type=\"heading.default\">\n\t\t\t\t<div class=\"elementor-widget-container\">\n\t\t\t\t\t<h1 class=\"elementor-heading-title elementor-size-default\">4. \u00bf \u00bfQu\u00e9 es una baliza web?\n\n\n<\/h1>\t\t\t\t<\/div>\n\t\t\t\t<\/div>\n\t\t\t\t<div class=\"elementor-element elementor-element-06194dc elementor-widget elementor-widget-text-editor\" data-id=\"06194dc\" data-element_type=\"widget\" data-e-type=\"widget\" data-widget_type=\"text-editor.default\">\n\t\t\t\t<div class=\"elementor-widget-container\">\n\t\t\t\t\t\t\t\t\t<p><span style=\"font-weight: 400;\">Una baliza web (o una etiqueta de p\u00edxel) es una peque\u00f1a e invisible pieza de texto o imagen en una web que se utiliza para monitorear el tr\u00e1fico en una web.<\/span><\/p>\t\t\t\t\t\t\t\t<\/div>\n\t\t\t\t<\/div>\n\t\t\t\t<div class=\"elementor-element elementor-element-81c7204 elementor-widget elementor-widget-heading\" data-id=\"81c7204\" data-element_type=\"widget\" data-e-type=\"widget\" data-widget_type=\"heading.default\">\n\t\t\t\t<div class=\"elementor-widget-container\">\n\t\t\t\t\t<h1 class=\"elementor-heading-title elementor-size-default\">5. Cookies\n\n\n<\/h1>\t\t\t\t<\/div>\n\t\t\t\t<\/div>\n\t\t\t\t<div class=\"elementor-element elementor-element-d7fcd39 elementor-widget elementor-widget-text-editor\" data-id=\"d7fcd39\" data-element_type=\"widget\" data-e-type=\"widget\" data-widget_type=\"text-editor.default\">\n\t\t\t\t<div class=\"elementor-widget-container\">\n\t\t\t\t\t\t\t\t\t<p><b>5.1 Cookies t\u00e9cnicas o funcionales<\/b><\/p><p><span style=\"font-weight: 400;\">Algunas cookies aseguran que ciertas partes de la web funcionan correctamente y que tus preferencias de usuario sean recordando. Al colocar cookies funcionales, te facilitamos la visita a nuestra web. De esta forma, no necesitas introducir repetidamente la misma informaci\u00f3n cuando visitas nuestra web y, por ejemplo, los art\u00edculos permanecen en ti cesta de la compra hasta que hayas pagado. Podemos colocar estas cookies sin tu consentimiento.<\/span><\/p><p><b>5.2 Cookies de marketing\/seguimiento<\/b><\/p><p><span style=\"font-weight: 400;\">Las cookies de marketing\/seguimiento son cookies, o cualquier otra forma de almacenamiento local, utilizadas para crear perfiles de usuario para mostrar publicidad o para hacer el seguimiento del usuario en esta web o en varias webs con fines de marketing similares.<\/span><\/p>\t\t\t\t\t\t\t\t<\/div>\n\t\t\t\t<\/div>\n\t\t\t\t<div class=\"elementor-element elementor-element-c03a648 elementor-widget elementor-widget-heading\" data-id=\"c03a648\" data-element_type=\"widget\" data-e-type=\"widget\" data-widget_type=\"heading.default\">\n\t\t\t\t<div class=\"elementor-widget-container\">\n\t\t\t\t\t<h1 class=\"elementor-heading-title elementor-size-default\">6. Cookies usadas\n\n\n\n<\/h1>\t\t\t\t<\/div>\n\t\t\t\t<\/div>\n\t\t\t\t<div class=\"elementor-element elementor-element-b4ac44a elementor-widget elementor-widget-text-editor\" data-id=\"b4ac44a\" data-element_type=\"widget\" data-e-type=\"widget\" data-widget_type=\"text-editor.default\">\n\t\t\t\t<div class=\"elementor-widget-container\">\n\t\t\t\t\t\t\t\t\t<h3><span style=\"font-weight: 400;\">Elementor<\/span><\/h3><p><span style=\"font-weight: 400;\">Estad\u00edsticas (an\u00f3nimas)<\/span><\/p><p><span style=\"font-weight: 400;\">Consent to service elementor<\/span><\/p><h3><span style=\"font-weight: 400;\">WordPress<\/span><\/h3><p><span style=\"font-weight: 400;\">Funcional<\/span><\/p><p><span style=\"font-weight: 400;\">Consent to service wordpress<\/span><\/p><h3><span style=\"font-weight: 400;\">Varios<\/span><\/h3><p><span style=\"font-weight: 400;\">Prop\u00f3sito pendiente de investigaci\u00f3n<\/span><\/p><p><span style=\"font-weight: 400;\">Consent to service varios<\/span><\/p>\t\t\t\t\t\t\t\t<\/div>\n\t\t\t\t<\/div>\n\t\t\t\t<div class=\"elementor-element elementor-element-189368f elementor-widget elementor-widget-heading\" data-id=\"189368f\" data-element_type=\"widget\" data-e-type=\"widget\" data-widget_type=\"heading.default\">\n\t\t\t\t<div class=\"elementor-widget-container\">\n\t\t\t\t\t<h1 class=\"elementor-heading-title elementor-size-default\">7. Consentimiento\n\n\n\n<\/h1>\t\t\t\t<\/div>\n\t\t\t\t<\/div>\n\t\t\t\t<div class=\"elementor-element elementor-element-43ceccd elementor-widget elementor-widget-text-editor\" data-id=\"43ceccd\" data-element_type=\"widget\" data-e-type=\"widget\" data-widget_type=\"text-editor.default\">\n\t\t\t\t<div class=\"elementor-widget-container\">\n\t\t\t\t\t\t\t\t\t<p><span style=\"font-weight: 400;\">Cuando visites nuestra web por primera vez, te mostraremos una ventana emergente con una explicaci\u00f3n sobre las cookies. Tan pronto como hagas clic en \u00abGuardar preferencias\u00bb, aceptas que usemos las categor\u00edas de cookies y plugins que has seleccionado en la ventana emergente, tal y como se describe en esta pol\u00edtica de cookies. Puedes desactivar el uso de cookies a trav\u00e9s de tu navegador, pero, por favor, ten en cuenta que nuestra web puede dejar de funcionar correctamente.<\/span><\/p><p><b>7.1 Gestiona tus ajustes de consentimiento<\/b><\/p><p><span style=\"font-weight: 400;\">Funcional<\/span><\/p><p><span style=\"font-weight: 400;\">Siempre activo<\/span><\/p><p><span style=\"font-weight: 400;\">Marketing<\/span><\/p><p><span style=\"font-weight: 400;\">Marketing<\/span><\/p>\t\t\t\t\t\t\t\t<\/div>\n\t\t\t\t<\/div>\n\t\t\t\t<div class=\"elementor-element elementor-element-a811628 elementor-widget elementor-widget-heading\" data-id=\"a811628\" data-element_type=\"widget\" data-e-type=\"widget\" data-widget_type=\"heading.default\">\n\t\t\t\t<div class=\"elementor-widget-container\">\n\t\t\t\t\t<h1 class=\"elementor-heading-title elementor-size-default\">8. Activaci\u00f3n\/desactivaci\u00f3n y borrado de cookies\n\n\n\n\n<\/h1>\t\t\t\t<\/div>\n\t\t\t\t<\/div>\n\t\t\t\t<div class=\"elementor-element elementor-element-29dffef elementor-widget elementor-widget-text-editor\" data-id=\"29dffef\" data-element_type=\"widget\" data-e-type=\"widget\" data-widget_type=\"text-editor.default\">\n\t\t\t\t<div class=\"elementor-widget-container\">\n\t\t\t\t\t\t\t\t\t<p><span style=\"font-weight: 400;\">Puedes utilizar tu navegador de Internet para eliminar las cookies de forma autom\u00e1tica o manual. Tambi\u00e9n puedes especificar que ciertas cookies no pueden ser colocadas. Otra opci\u00f3n es cambiar los ajustes de tu navegador de Internet para que recibas un mensaje cada vez que se coloca una cookie. Para obtener m\u00e1s informaci\u00f3n sobre estas opciones, consulta las instrucciones de la secci\u00f3n \u00abAyuda\u00bb de tu navegador.<\/span><\/p><p><span style=\"font-weight: 400;\">Ten en cuenta que nuestra web puede no funcionar correctamente si todas las cookies est\u00e1n desactivadas. Si borras las cookies de tu navegador, se volver\u00e1n a colocar despu\u00e9s de tu consentimiento cuando vuelvas a visitar nuestras webs.<\/span><\/p>\t\t\t\t\t\t\t\t<\/div>\n\t\t\t\t<\/div>\n\t\t\t\t<div class=\"elementor-element elementor-element-c409b1a elementor-widget elementor-widget-heading\" data-id=\"c409b1a\" data-element_type=\"widget\" data-e-type=\"widget\" data-widget_type=\"heading.default\">\n\t\t\t\t<div class=\"elementor-widget-container\">\n\t\t\t\t\t<h1 class=\"elementor-heading-title elementor-size-default\">9. Tus derechos con respecto a las datos personales\n\n\n\n\n<\/h1>\t\t\t\t<\/div>\n\t\t\t\t<\/div>\n\t\t\t\t<div class=\"elementor-element elementor-element-106f0c4 elementor-widget elementor-widget-text-editor\" data-id=\"106f0c4\" data-element_type=\"widget\" data-e-type=\"widget\" data-widget_type=\"text-editor.default\">\n\t\t\t\t<div class=\"elementor-widget-container\">\n\t\t\t\t\t\t\t\t\t<p><span style=\"font-weight: 400;\">Tienes los siguientes derechos respecto a tus datos personales:<\/span><\/p><ul><li style=\"font-weight: 400;\" aria-level=\"1\"><span style=\"font-weight: 400;\">Tiene derecho a saber por qu\u00e9 se necesitan tus datos personales, qu\u00e9 suceder\u00e1 con ellos y durante cu\u00e1nto tiempo se conservar\u00e1n.<\/span><\/li><li style=\"font-weight: 400;\" aria-level=\"1\"><span style=\"font-weight: 400;\">Derecho de acceso: tienes derecho a acceder a tus datos personales que conocemos.<\/span><\/li><li style=\"font-weight: 400;\" aria-level=\"1\"><span style=\"font-weight: 400;\">Derecho de rectificaci\u00f3n: tienes derecho a completar, rectificar, borrar o bloquear tus datos personales cuando lo desees.<\/span><\/li><li style=\"font-weight: 400;\" aria-level=\"1\"><span style=\"font-weight: 400;\">Si nos das tu consentimiento para procesar tus datos, tienes derecho a revocar dicho consentimiento ya que se eliminen tus datos personales.<\/span><\/li><li style=\"font-weight: 400;\" aria-level=\"1\"><span style=\"font-weight: 400;\">Derecho de cesi\u00f3n de tus datos: tienes derecho a solicitar todas tus datos personales al responsable del tratamiento ya transferirlos \u00edntegramente a otro responsable del tratamiento.<\/span><\/li><li style=\"font-weight: 400;\" aria-level=\"1\"><span style=\"font-weight: 400;\">Derecho de oposici\u00f3n: puedes oponerte al tratamiento de sus datos. Nosotros cumplimos con esto, a menos que existan motivos justificados para el procesamiento.<\/span><\/li><\/ul><p><span style=\"font-weight: 400;\">Para ejercer estos derechos, por favor, contacta con nosotros. Por favor, consulta los detalles de contacto en la parte inferior de esta pol\u00edtica de cookies.<\/span><\/p>\t\t\t\t\t\t\t\t<\/div>\n\t\t\t\t<\/div>\n\t\t\t\t<div class=\"elementor-element elementor-element-2c1e705 elementor-widget elementor-widget-heading\" data-id=\"2c1e705\" data-element_type=\"widget\" data-e-type=\"widget\" data-widget_type=\"heading.default\">\n\t\t\t\t<div class=\"elementor-widget-container\">\n\t\t\t\t\t<h1 class=\"elementor-heading-title elementor-size-default\">10. Datos de contacto\n\n\n\n\n\n<\/h1>\t\t\t\t<\/div>\n\t\t\t\t<\/div>\n\t\t\t\t<div class=\"elementor-element elementor-element-8ccd007 elementor-widget elementor-widget-text-editor\" data-id=\"8ccd007\" data-element_type=\"widget\" data-e-type=\"widget\" data-widget_type=\"text-editor.default\">\n\t\t\t\t<div class=\"elementor-widget-container\">\n\t\t\t\t\t\t\t\t\t<p><span style=\"font-weight: 400;\">Para preguntas y\/o comentarios sobre nuestra pol\u00edtica de cookies y esta declaraci\u00f3n, por favor, contacta con nosotros usando las siguientes datos de contacto:<\/span><\/p><p><strong>Empresa: <\/strong>POL BOIX RIESCO<br \/><strong>NIF: <\/strong>47969895Z<br \/><strong>Responsable: <\/strong>Polo<br \/><strong>Domicilio: <\/strong>Cuello de las Heres 16<br \/><strong>CP y Poblaci\u00f3n<\/strong>: 43812 Rodony\u00e0 (Tarragona)<br \/><strong>Tel\u00e9fono: <\/strong><a href=\"tel:+20636554330\">636554330<\/a><br \/><strong>Mail: <\/strong><a href=\"mailto:treepinusboix@gmail.com\"><u>treepinusboix@gmail.com<\/u><\/a><\/p><p><span style=\"font-weight: 400;\">Esta pol\u00edtica de cookies se ha sincronizado como <\/span><a href=\"https:\/\/cookiedatabase.org\/\"><span style=\"font-weight: 400;\">cookiedatabase.org<\/span><\/a><span style=\"font-weight: 400;\"> el 08\/01\/2024<\/span><\/p>\t\t\t\t\t\t\t\t<\/div>\n\t\t\t\t<\/div>\n\t\t\t\t\t<\/div>\n\t\t\t\t<\/div>\n\t\t\t\t<\/div>","protected":false},"excerpt":{"rendered":"<p>Pol\u00edtica de cookies Pol\u00edtica de cookies (UE) Esta pol\u00edtica de cookies fue actualizada por \u00faltima vez el 08\/01\/2024 y se aplica a los ciudadanos y residentes<span class=\"excerpt-hellip\"> [\u2026]<\/span><\/p>\n","protected":false},"author":2,"featured_media":0,"parent":0,"menu_order":0,"comment_status":"closed","ping_status":"closed","template":"","meta":{"footnotes":""},"class_list":["post-409","page","type-page","status-publish","hentry"],"yoast_head":"<!-- This site is optimized with the Yoast SEO plugin v27.3 - https:\/\/yoast.com\/product\/yoast-seo-wordpress\/ -->\n<title>Pol\u00edtica de Cookies - Tree Pinus<\/title>\n<meta name=\"robots\" content=\"index, follow, max-snippet:-1, max-image-preview:large, max-video-preview:-1\" \/>\n<link rel=\"canonical\" href=\"https:\/\/treepinus.cat\/es\/politica-de-cookies\/\" \/>\n<meta property=\"og:locale\" content=\"es_ES\" \/>\n<meta property=\"og:type\" content=\"article\" \/>\n<meta property=\"og:title\" content=\"Pol\u00edtica de Cookies - Tree Pinus\" \/>\n<meta property=\"og:description\" content=\"Pol\u00edtica de cookies Pol\u00edtica de cookies (UE) Esta pol\u00edtica de cookies fue actualizada por \u00faltima vez el 08\/01\/2024 y se aplica a los ciudadanos y residentes [\u2026]\" \/>\n<meta property=\"og:url\" content=\"https:\/\/treepinus.cat\/es\/politica-de-cookies\/\" \/>\n<meta property=\"og:site_name\" content=\"Tree Pinus\" \/>\n<meta property=\"article:modified_time\" content=\"2025-02-23T15:52:43+00:00\" \/>\n<meta name=\"twitter:card\" content=\"summary_large_image\" \/>\n<meta name=\"twitter:label1\" content=\"Tiempo de lectura\" \/>\n\t<meta name=\"twitter:data1\" content=\"4 minutos\" \/>\n<script type=\"application\/ld+json\" class=\"yoast-schema-graph\">{\"@context\":\"https:\\\/\\\/schema.org\",\"@graph\":[{\"@type\":\"WebPage\",\"@id\":\"https:\\\/\\\/treepinus.cat\\\/politica-de-cookies\\\/\",\"url\":\"https:\\\/\\\/treepinus.cat\\\/politica-de-cookies\\\/\",\"name\":\"Pol\u00edtica de Cookies - Tree Pinus\",\"isPartOf\":{\"@id\":\"https:\\\/\\\/treepinus.cat\\\/#website\"},\"datePublished\":\"2025-02-23T05:52:27+00:00\",\"dateModified\":\"2025-02-23T15:52:43+00:00\",\"breadcrumb\":{\"@id\":\"https:\\\/\\\/treepinus.cat\\\/politica-de-cookies\\\/#breadcrumb\"},\"inLanguage\":\"es\",\"potentialAction\":[{\"@type\":\"ReadAction\",\"target\":[\"https:\\\/\\\/treepinus.cat\\\/politica-de-cookies\\\/\"]}]},{\"@type\":\"BreadcrumbList\",\"@id\":\"https:\\\/\\\/treepinus.cat\\\/politica-de-cookies\\\/#breadcrumb\",\"itemListElement\":[{\"@type\":\"ListItem\",\"position\":1,\"name\":\"Home\",\"item\":\"https:\\\/\\\/treepinus.cat\\\/\"},{\"@type\":\"ListItem\",\"position\":2,\"name\":\"Pol\u00edtica de Cookies\"}]},{\"@type\":\"WebSite\",\"@id\":\"https:\\\/\\\/treepinus.cat\\\/#website\",\"url\":\"https:\\\/\\\/treepinus.cat\\\/\",\"name\":\"Tree Pinus\",\"description\":\"Arboricultura i jardineria a Tarragona\",\"publisher\":{\"@id\":\"https:\\\/\\\/treepinus.cat\\\/#organization\"},\"potentialAction\":[{\"@type\":\"SearchAction\",\"target\":{\"@type\":\"EntryPoint\",\"urlTemplate\":\"https:\\\/\\\/treepinus.cat\\\/?s={search_term_string}\"},\"query-input\":{\"@type\":\"PropertyValueSpecification\",\"valueRequired\":true,\"valueName\":\"search_term_string\"}}],\"inLanguage\":\"es\"},{\"@type\":\"Organization\",\"@id\":\"https:\\\/\\\/treepinus.cat\\\/#organization\",\"name\":\"Tree Pinus\",\"url\":\"https:\\\/\\\/treepinus.cat\\\/\",\"logo\":{\"@type\":\"ImageObject\",\"inLanguage\":\"es\",\"@id\":\"https:\\\/\\\/treepinus.cat\\\/#\\\/schema\\\/logo\\\/image\\\/\",\"url\":\"https:\\\/\\\/treepinus.cat\\\/wp-content\\\/uploads\\\/2025\\\/02\\\/tree-pinus-1.png\",\"contentUrl\":\"https:\\\/\\\/treepinus.cat\\\/wp-content\\\/uploads\\\/2025\\\/02\\\/tree-pinus-1.png\",\"width\":1920,\"height\":1080,\"caption\":\"Tree Pinus\"},\"image\":{\"@id\":\"https:\\\/\\\/treepinus.cat\\\/#\\\/schema\\\/logo\\\/image\\\/\"}}]}<\/script>\n<!-- \/ Yoast SEO plugin. -->","yoast_head_json":{"title":"Pol\u00edtica de Cookies - Tree Pinus","robots":{"index":"index","follow":"follow","max-snippet":"max-snippet:-1","max-image-preview":"max-image-preview:large","max-video-preview":"max-video-preview:-1"},"canonical":"https:\/\/treepinus.cat\/es\/politica-de-cookies\/","og_locale":"es_ES","og_type":"article","og_title":"Pol\u00edtica de Cookies - Tree Pinus","og_description":"Pol\u00edtica de cookies Pol\u00edtica de cookies (UE) Esta pol\u00edtica de cookies fue actualizada por \u00faltima vez el 08\/01\/2024 y se aplica a los ciudadanos y residentes [\u2026]","og_url":"https:\/\/treepinus.cat\/es\/politica-de-cookies\/","og_site_name":"Tree Pinus","article_modified_time":"2025-02-23T15:52:43+00:00","twitter_card":"summary_large_image","twitter_misc":{"Tiempo de lectura":"4 minutos"},"schema":{"@context":"https:\/\/schema.org","@graph":[{"@type":"WebPage","@id":"https:\/\/treepinus.cat\/politica-de-cookies\/","url":"https:\/\/treepinus.cat\/politica-de-cookies\/","name":"Pol\u00edtica de Cookies - Tree Pinus","isPartOf":{"@id":"https:\/\/treepinus.cat\/#website"},"datePublished":"2025-02-23T05:52:27+00:00","dateModified":"2025-02-23T15:52:43+00:00","breadcrumb":{"@id":"https:\/\/treepinus.cat\/politica-de-cookies\/#breadcrumb"},"inLanguage":"es","potentialAction":[{"@type":"ReadAction","target":["https:\/\/treepinus.cat\/politica-de-cookies\/"]}]},{"@type":"BreadcrumbList","@id":"https:\/\/treepinus.cat\/politica-de-cookies\/#breadcrumb","itemListElement":[{"@type":"ListItem","position":1,"name":"Home","item":"https:\/\/treepinus.cat\/"},{"@type":"ListItem","position":2,"name":"Pol\u00edtica de Cookies"}]},{"@type":"WebSite","@id":"https:\/\/treepinus.cat\/#website","url":"https:\/\/treepinus.cat\/","name":"Tree Pinus","description":"Arboricultura y jardiner\u00eda en Tarragona","publisher":{"@id":"https:\/\/treepinus.cat\/#organization"},"potentialAction":[{"@type":"SearchAction","target":{"@type":"EntryPoint","urlTemplate":"https:\/\/treepinus.cat\/?s={search_term_string}"},"query-input":{"@type":"PropertyValueSpecification","valueRequired":true,"valueName":"search_term_string"}}],"inLanguage":"es"},{"@type":"Organization","@id":"https:\/\/treepinus.cat\/#organization","name":"Tree Pinus","url":"https:\/\/treepinus.cat\/","logo":{"@type":"ImageObject","inLanguage":"es","@id":"https:\/\/treepinus.cat\/#\/schema\/logo\/image\/","url":"https:\/\/treepinus.cat\/wp-content\/uploads\/2025\/02\/tree-pinus-1.png","contentUrl":"https:\/\/treepinus.cat\/wp-content\/uploads\/2025\/02\/tree-pinus-1.png","width":1920,"height":1080,"caption":"Tree Pinus"},"image":{"@id":"https:\/\/treepinus.cat\/#\/schema\/logo\/image\/"}}]}},"_links":{"self":[{"href":"https:\/\/treepinus.cat\/es\/wp-json\/wp\/v2\/pages\/409","targetHints":{"allow":["GET"]}}],"collection":[{"href":"https:\/\/treepinus.cat\/es\/wp-json\/wp\/v2\/pages"}],"about":[{"href":"https:\/\/treepinus.cat\/es\/wp-json\/wp\/v2\/types\/page"}],"author":[{"embeddable":true,"href":"https:\/\/treepinus.cat\/es\/wp-json\/wp\/v2\/users\/2"}],"replies":[{"embeddable":true,"href":"https:\/\/treepinus.cat\/es\/wp-json\/wp\/v2\/comments?post=409"}],"version-history":[{"count":22,"href":"https:\/\/treepinus.cat\/es\/wp-json\/wp\/v2\/pages\/409\/revisions"}],"predecessor-version":[{"id":678,"href":"https:\/\/treepinus.cat\/es\/wp-json\/wp\/v2\/pages\/409\/revisions\/678"}],"wp:attachment":[{"href":"https:\/\/treepinus.cat\/es\/wp-json\/wp\/v2\/media?parent=409"}],"curies":[{"name":"wp","href":"https:\/\/api.w.org\/{rel}","templated":true}]}}