{"id":407,"date":"2025-02-23T05:52:07","date_gmt":"2025-02-23T05:52:07","guid":{"rendered":"https:\/\/treepinus.cat\/?page_id=407"},"modified":"2025-02-23T15:36:36","modified_gmt":"2025-02-23T15:36:36","slug":"politica-de-privacitat","status":"publish","type":"page","link":"https:\/\/treepinus.cat\/es\/politica-de-privacitat\/","title":{"rendered":"Pol\u00edtica de Privacidad"},"content":{"rendered":"<div data-elementor-type=\"wp-page\" data-elementor-id=\"407\" class=\"elementor elementor-407\" data-elementor-post-type=\"page\">\n\t\t\t\t<div class=\"elementor-element elementor-element-80a21f6 e-con-full e-flex e-con e-parent\" data-id=\"80a21f6\" data-element_type=\"container\" data-e-type=\"container\">\n\t\t<div class=\"elementor-element elementor-element-a23a5d2 e-con-full e-flex e-con e-child\" data-id=\"a23a5d2\" data-element_type=\"container\" data-e-type=\"container\" data-settings=\"{&quot;background_background&quot;:&quot;classic&quot;}\">\n\t\t\t\t<div class=\"elementor-element elementor-element-8a4d555 elementor-widget elementor-widget-heading\" data-id=\"8a4d555\" data-element_type=\"widget\" data-e-type=\"widget\" data-widget_type=\"heading.default\">\n\t\t\t\t<div class=\"elementor-widget-container\">\n\t\t\t\t\t<h2 class=\"elementor-heading-title elementor-size-default\">Pol\u00edtica de Privacidad<\/h2>\t\t\t\t<\/div>\n\t\t\t\t<\/div>\n\t\t\t\t<\/div>\n\t\t\t\t<\/div>\n\t\t<div class=\"elementor-element elementor-element-c8bf17c e-flex e-con-boxed e-con e-parent\" data-id=\"c8bf17c\" data-element_type=\"container\" data-e-type=\"container\">\n\t\t\t\t\t<div class=\"e-con-inner\">\n\t\t\t\t<div class=\"elementor-element elementor-element-9a4e6e1 elementor-widget elementor-widget-heading\" data-id=\"9a4e6e1\" data-element_type=\"widget\" data-e-type=\"widget\" data-widget_type=\"heading.default\">\n\t\t\t\t<div class=\"elementor-widget-container\">\n\t\t\t\t\t<h1 class=\"elementor-heading-title elementor-size-default\">1.- INFORMACI\u00d3N AL USUARIO<\/h1>\t\t\t\t<\/div>\n\t\t\t\t<\/div>\n\t\t\t\t<div class=\"elementor-element elementor-element-0bcf87d elementor-widget elementor-widget-text-editor\" data-id=\"0bcf87d\" data-element_type=\"widget\" data-e-type=\"widget\" data-widget_type=\"text-editor.default\">\n\t\t\t\t<div class=\"elementor-widget-container\">\n\t\t\t\t\t\t\t\t\t<p><span style=\"font-weight: 400;\">El sitio web informa a los usuarios del sitio web sobre su pol\u00edtica respecto al tratamiento y protecci\u00f3n de las datos de car\u00e1cter personal de los usuarios y clientes que puedan ser solicitados por la navegaci\u00f3n a trav\u00e9s de su sitio web.<\/span><\/p><p><span style=\"font-weight: 400;\">El sitio web es el Responsable del tratamiento de las datos personales del usuario, por lo que se le facilita la siguiente informaci\u00f3n referente al tratamiento de sus datos:<\/span><\/p><p><b>Criterios de conservaci\u00f3n de las datos:<\/b><span style=\"font-weight: 400;\"> Las datos personales proporcionados se conservar\u00e1n hasta que no se solicite la suspensi\u00f3n por parte del interesado, ejerciendo sus derechos sobre las datos, y en cualquier caso en cumplimiento de plazos legales de prescripci\u00f3n que le sean de aplicaci\u00f3n.<\/span><\/p><p><b>Derechos de los interesados:<\/b><\/p><p><span style=\"font-weight: 400;\">Derecho a retirar su consentimiento en cualquier momento.<\/span><span style=\"font-weight: 400;\"><br \/><\/span><span style=\"font-weight: 400;\">Derecho de acceso, rectificaci\u00f3n, supresi\u00f3n, portabilidad de sus datos, ya la limitaci\u00f3n u oposici\u00f3n del tratamiento, as\u00ed como no ser objeto de decisiones individuales automatizadas.<\/span><br \/><b>Datos de contacto para ejercer sus derechos:<\/b><\/p><p><span style=\"font-weight: 400;\">Se debe identificar debidamente y solicitar claramente el derecho de ejercer.<\/span><\/p><p><strong>Empresa: <\/strong>POL BOIX RIESCO<br \/><strong>NIF: <\/strong>47969895Z<br \/><strong>Responsable: <\/strong>Polo<br \/><strong>Domicilio: <\/strong>Cuello de las Heres 16<br \/><strong>CP y Poblaci\u00f3n<\/strong>: 43812 Rodony\u00e0 (Tarragona)<br \/><strong>Tel\u00e9fono: <\/strong><a href=\"tel:+20636554330\">636554330<\/a><br \/><strong>Mail: <\/strong><a href=\"mailto:treepinusboix@gmail.com\" data-wplink-edit=\"true\"><u>treepinusboix@gmail.com<\/u><\/a><\/p>\t\t\t\t\t\t\t\t<\/div>\n\t\t\t\t<\/div>\n\t\t\t\t<div class=\"elementor-element elementor-element-d33315f elementor-widget elementor-widget-heading\" data-id=\"d33315f\" data-element_type=\"widget\" data-e-type=\"widget\" data-widget_type=\"heading.default\">\n\t\t\t\t<div class=\"elementor-widget-container\">\n\t\t\t\t\t<h1 class=\"elementor-heading-title elementor-size-default\">2.- INFORMACI\u00d3N FACILITADA POR EL USUARIO<\/h1>\t\t\t\t<\/div>\n\t\t\t\t<\/div>\n\t\t\t\t<div class=\"elementor-element elementor-element-1013643 elementor-widget elementor-widget-text-editor\" data-id=\"1013643\" data-element_type=\"widget\" data-e-type=\"widget\" data-widget_type=\"text-editor.default\">\n\t\t\t\t<div class=\"elementor-widget-container\">\n\t\t\t\t\t\t\t\t\t<p><span style=\"font-weight: 400;\">Si es menor de 18 a\u00f1os, no est\u00e1 permitido el uso de formularios en nuestra web.<\/span><\/p><p><span style=\"font-weight: 400;\">Los Usuarios, introduciendo sus datos en los formularios de contacto o presentados en formularios de descarga, aceptan expresamente y de forma libre e inequ\u00edvoca, que sus datos son necesarios para atender su petici\u00f3n, por parte del Responsable, siendo voluntaria la inclusi\u00f3n de datos en los campos restantes.<\/span><\/p><p><span style=\"font-weight: 400;\">El Usuario garantiza que las datos personales facilitados son veraces y se hace responsable de comunicar cualquier modificaci\u00f3n.<\/span><\/p><p><span style=\"font-weight: 400;\">Todas las datos solicitadas a trav\u00e9s del sitio web son necesarias para prestar un servicio \u00f3ptimo al Usuario. En caso de que no se faciliten todas las datos, no se garantiza que la informaci\u00f3n y servicios que El Responsable le facilite, sean completamente ajustados a sus necesidades.<\/span><\/p>\t\t\t\t\t\t\t\t<\/div>\n\t\t\t\t<\/div>\n\t\t\t\t<div class=\"elementor-element elementor-element-f435d52 elementor-widget elementor-widget-heading\" data-id=\"f435d52\" data-element_type=\"widget\" data-e-type=\"widget\" data-widget_type=\"heading.default\">\n\t\t\t\t<div class=\"elementor-widget-container\">\n\t\t\t\t\t<h1 class=\"elementor-heading-title elementor-size-default\">3.- MEDIDAS DE SEGURIDAD\n<\/h1>\t\t\t\t<\/div>\n\t\t\t\t<\/div>\n\t\t\t\t<div class=\"elementor-element elementor-element-e9f509c elementor-widget elementor-widget-text-editor\" data-id=\"e9f509c\" data-element_type=\"widget\" data-e-type=\"widget\" data-widget_type=\"text-editor.default\">\n\t\t\t\t<div class=\"elementor-widget-container\">\n\t\t\t\t\t\t\t\t\t<p><span style=\"font-weight: 400;\">Que de conformidad con lo que disponen las normativas vigentes en materia de protecci\u00f3n de datos personales, El Responsable est\u00e1 cumpliendo con todas las disposiciones de las normativas RGPD y LOPD para el tratamiento de las datos personales de su responsabilidad, las cuales son tratadas de forma l\u00edcita, leal y transparente en relaci\u00f3n con el interesado y adecuados, pertinentes y limitados a lo necesario en relaci\u00f3n con los fines.<\/span><\/p><p><span style=\"font-weight: 400;\">El Responsable garantiza que ha implementado pol\u00edticas t\u00e9cnicas y organizativas apropiadas para aplicar las medidas de seguridad establecidas por el RGPD y la LOPD para proteger los derechos y libertades de los usuarios y les ha comunicado la informaci\u00f3n adecuada para que puedan ejercerlos.<\/span><\/p>\t\t\t\t\t\t\t\t<\/div>\n\t\t\t\t<\/div>\n\t\t\t\t<div class=\"elementor-element elementor-element-a967987 elementor-widget elementor-widget-heading\" data-id=\"a967987\" data-element_type=\"widget\" data-e-type=\"widget\" data-widget_type=\"heading.default\">\n\t\t\t\t<div class=\"elementor-widget-container\">\n\t\t\t\t\t<h1 class=\"elementor-heading-title elementor-size-default\">4.- BRECHAS DE SEGURIDAD\n\n<\/h1>\t\t\t\t<\/div>\n\t\t\t\t<\/div>\n\t\t\t\t<div class=\"elementor-element elementor-element-e2a75bb elementor-widget elementor-widget-text-editor\" data-id=\"e2a75bb\" data-element_type=\"widget\" data-e-type=\"widget\" data-widget_type=\"text-editor.default\">\n\t\t\t\t<div class=\"elementor-widget-container\">\n\t\t\t\t\t\t\t\t\t<p><span style=\"font-weight: 400;\">El Responsable informar\u00e1 sobre cualquier brecha de seguridad que afecte a la base de datos que utiliza este sitio web, o que afecte a cualquiera de nuestros servicios de terceros, todas y cada una de las personas, datos de los que puedan haber sido afectados, y autoridades, dentro de las 72 horas siguientes a la detecci\u00f3n de la brecha.<\/span><\/p>\t\t\t\t\t\t\t\t<\/div>\n\t\t\t\t<\/div>\n\t\t\t\t<div class=\"elementor-element elementor-element-b18f957 elementor-widget elementor-widget-heading\" data-id=\"b18f957\" data-element_type=\"widget\" data-e-type=\"widget\" data-widget_type=\"heading.default\">\n\t\t\t\t<div class=\"elementor-widget-container\">\n\t\t\t\t\t<h1 class=\"elementor-heading-title elementor-size-default\">LEGISLACI\u00d3N APLICABLE Y JURISDICCI\u00d3N\n\n\n<\/h1>\t\t\t\t<\/div>\n\t\t\t\t<\/div>\n\t\t\t\t<div class=\"elementor-element elementor-element-1d316e1 elementor-widget elementor-widget-text-editor\" data-id=\"1d316e1\" data-element_type=\"widget\" data-e-type=\"widget\" data-widget_type=\"text-editor.default\">\n\t\t\t\t<div class=\"elementor-widget-container\">\n\t\t\t\t\t\t\t\t\t<p><span style=\"font-weight: 400;\">Para la resoluci\u00f3n de todas las controversias o cuestiones relacionadas con el presente sitio web o de las actividades que se desarrollen, ser\u00e1 de aplicaci\u00f3n la legislaci\u00f3n espa\u00f1ola, a la que se someten expresamente las partes, siendo competentes para la resoluci\u00f3n de todos los conflictos derivados o relacionados con el uso de los Juzgados y Tribunales de Barcelona.<\/span><\/p>\t\t\t\t\t\t\t\t<\/div>\n\t\t\t\t<\/div>\n\t\t\t\t\t<\/div>\n\t\t\t\t<\/div>\n\t\t\t\t<\/div>","protected":false},"excerpt":{"rendered":"<p>Pol\u00edtica de Privacitat 1.- INFORMACI\u00d3N AL USUARIO El sitio web informa a los usuarios del sitio web sobre su pol\u00edtica respecto al tratamiento y protecci\u00f3n de<span class=\"excerpt-hellip\"> [\u2026]<\/span><\/p>\n","protected":false},"author":2,"featured_media":0,"parent":0,"menu_order":0,"comment_status":"closed","ping_status":"closed","template":"","meta":{"footnotes":""},"class_list":["post-407","page","type-page","status-publish","hentry"],"yoast_head":"<!-- This site is optimized with the Yoast SEO plugin v27.3 - https:\/\/yoast.com\/product\/yoast-seo-wordpress\/ -->\n<title>Pol\u00edtica de Privacitat - Tree Pinus<\/title>\n<meta name=\"robots\" content=\"index, follow, max-snippet:-1, max-image-preview:large, max-video-preview:-1\" \/>\n<link rel=\"canonical\" href=\"https:\/\/treepinus.cat\/es\/politica-de-privacitat\/\" \/>\n<meta property=\"og:locale\" content=\"es_ES\" \/>\n<meta property=\"og:type\" content=\"article\" \/>\n<meta property=\"og:title\" content=\"Pol\u00edtica de Privacitat - Tree Pinus\" \/>\n<meta property=\"og:description\" content=\"Pol\u00edtica de Privacitat 1.- INFORMACI\u00d3N AL USUARIO El sitio web informa a los usuarios del sitio web sobre su pol\u00edtica respecto al tratamiento y protecci\u00f3n de [\u2026]\" \/>\n<meta property=\"og:url\" content=\"https:\/\/treepinus.cat\/es\/politica-de-privacitat\/\" \/>\n<meta property=\"og:site_name\" content=\"Tree Pinus\" \/>\n<meta property=\"article:modified_time\" content=\"2025-02-23T15:36:36+00:00\" \/>\n<meta name=\"twitter:card\" content=\"summary_large_image\" \/>\n<meta name=\"twitter:label1\" content=\"Tiempo de lectura\" \/>\n\t<meta name=\"twitter:data1\" content=\"3 minutos\" \/>\n<script type=\"application\/ld+json\" class=\"yoast-schema-graph\">{\"@context\":\"https:\\\/\\\/schema.org\",\"@graph\":[{\"@type\":\"WebPage\",\"@id\":\"https:\\\/\\\/treepinus.cat\\\/politica-de-privacitat\\\/\",\"url\":\"https:\\\/\\\/treepinus.cat\\\/politica-de-privacitat\\\/\",\"name\":\"Pol\u00edtica de Privacitat - Tree Pinus\",\"isPartOf\":{\"@id\":\"https:\\\/\\\/treepinus.cat\\\/#website\"},\"datePublished\":\"2025-02-23T05:52:07+00:00\",\"dateModified\":\"2025-02-23T15:36:36+00:00\",\"breadcrumb\":{\"@id\":\"https:\\\/\\\/treepinus.cat\\\/politica-de-privacitat\\\/#breadcrumb\"},\"inLanguage\":\"es\",\"potentialAction\":[{\"@type\":\"ReadAction\",\"target\":[\"https:\\\/\\\/treepinus.cat\\\/politica-de-privacitat\\\/\"]}]},{\"@type\":\"BreadcrumbList\",\"@id\":\"https:\\\/\\\/treepinus.cat\\\/politica-de-privacitat\\\/#breadcrumb\",\"itemListElement\":[{\"@type\":\"ListItem\",\"position\":1,\"name\":\"Home\",\"item\":\"https:\\\/\\\/treepinus.cat\\\/\"},{\"@type\":\"ListItem\",\"position\":2,\"name\":\"Pol\u00edtica de Privacitat\"}]},{\"@type\":\"WebSite\",\"@id\":\"https:\\\/\\\/treepinus.cat\\\/#website\",\"url\":\"https:\\\/\\\/treepinus.cat\\\/\",\"name\":\"Tree Pinus\",\"description\":\"Arboricultura i jardineria a Tarragona\",\"publisher\":{\"@id\":\"https:\\\/\\\/treepinus.cat\\\/#organization\"},\"potentialAction\":[{\"@type\":\"SearchAction\",\"target\":{\"@type\":\"EntryPoint\",\"urlTemplate\":\"https:\\\/\\\/treepinus.cat\\\/?s={search_term_string}\"},\"query-input\":{\"@type\":\"PropertyValueSpecification\",\"valueRequired\":true,\"valueName\":\"search_term_string\"}}],\"inLanguage\":\"es\"},{\"@type\":\"Organization\",\"@id\":\"https:\\\/\\\/treepinus.cat\\\/#organization\",\"name\":\"Tree Pinus\",\"url\":\"https:\\\/\\\/treepinus.cat\\\/\",\"logo\":{\"@type\":\"ImageObject\",\"inLanguage\":\"es\",\"@id\":\"https:\\\/\\\/treepinus.cat\\\/#\\\/schema\\\/logo\\\/image\\\/\",\"url\":\"https:\\\/\\\/treepinus.cat\\\/wp-content\\\/uploads\\\/2025\\\/02\\\/tree-pinus-1.png\",\"contentUrl\":\"https:\\\/\\\/treepinus.cat\\\/wp-content\\\/uploads\\\/2025\\\/02\\\/tree-pinus-1.png\",\"width\":1920,\"height\":1080,\"caption\":\"Tree Pinus\"},\"image\":{\"@id\":\"https:\\\/\\\/treepinus.cat\\\/#\\\/schema\\\/logo\\\/image\\\/\"}}]}<\/script>\n<!-- \/ Yoast SEO plugin. -->","yoast_head_json":{"title":"Pol\u00edtica de Privacitat - Tree Pinus","robots":{"index":"index","follow":"follow","max-snippet":"max-snippet:-1","max-image-preview":"max-image-preview:large","max-video-preview":"max-video-preview:-1"},"canonical":"https:\/\/treepinus.cat\/es\/politica-de-privacitat\/","og_locale":"es_ES","og_type":"article","og_title":"Pol\u00edtica de Privacitat - Tree Pinus","og_description":"Pol\u00edtica de Privacitat 1.- INFORMACI\u00d3N AL USUARIO El sitio web informa a los usuarios del sitio web sobre su pol\u00edtica respecto al tratamiento y protecci\u00f3n de [\u2026]","og_url":"https:\/\/treepinus.cat\/es\/politica-de-privacitat\/","og_site_name":"Tree Pinus","article_modified_time":"2025-02-23T15:36:36+00:00","twitter_card":"summary_large_image","twitter_misc":{"Tiempo de lectura":"3 minutos"},"schema":{"@context":"https:\/\/schema.org","@graph":[{"@type":"WebPage","@id":"https:\/\/treepinus.cat\/politica-de-privacitat\/","url":"https:\/\/treepinus.cat\/politica-de-privacitat\/","name":"Pol\u00edtica de Privacitat - Tree Pinus","isPartOf":{"@id":"https:\/\/treepinus.cat\/#website"},"datePublished":"2025-02-23T05:52:07+00:00","dateModified":"2025-02-23T15:36:36+00:00","breadcrumb":{"@id":"https:\/\/treepinus.cat\/politica-de-privacitat\/#breadcrumb"},"inLanguage":"es","potentialAction":[{"@type":"ReadAction","target":["https:\/\/treepinus.cat\/politica-de-privacitat\/"]}]},{"@type":"BreadcrumbList","@id":"https:\/\/treepinus.cat\/politica-de-privacitat\/#breadcrumb","itemListElement":[{"@type":"ListItem","position":1,"name":"Home","item":"https:\/\/treepinus.cat\/"},{"@type":"ListItem","position":2,"name":"Pol\u00edtica de Privacitat"}]},{"@type":"WebSite","@id":"https:\/\/treepinus.cat\/#website","url":"https:\/\/treepinus.cat\/","name":"Tree Pinus","description":"Arboricultura y jardiner\u00eda en Tarragona","publisher":{"@id":"https:\/\/treepinus.cat\/#organization"},"potentialAction":[{"@type":"SearchAction","target":{"@type":"EntryPoint","urlTemplate":"https:\/\/treepinus.cat\/?s={search_term_string}"},"query-input":{"@type":"PropertyValueSpecification","valueRequired":true,"valueName":"search_term_string"}}],"inLanguage":"es"},{"@type":"Organization","@id":"https:\/\/treepinus.cat\/#organization","name":"Tree Pinus","url":"https:\/\/treepinus.cat\/","logo":{"@type":"ImageObject","inLanguage":"es","@id":"https:\/\/treepinus.cat\/#\/schema\/logo\/image\/","url":"https:\/\/treepinus.cat\/wp-content\/uploads\/2025\/02\/tree-pinus-1.png","contentUrl":"https:\/\/treepinus.cat\/wp-content\/uploads\/2025\/02\/tree-pinus-1.png","width":1920,"height":1080,"caption":"Tree Pinus"},"image":{"@id":"https:\/\/treepinus.cat\/#\/schema\/logo\/image\/"}}]}},"_links":{"self":[{"href":"https:\/\/treepinus.cat\/es\/wp-json\/wp\/v2\/pages\/407","targetHints":{"allow":["GET"]}}],"collection":[{"href":"https:\/\/treepinus.cat\/es\/wp-json\/wp\/v2\/pages"}],"about":[{"href":"https:\/\/treepinus.cat\/es\/wp-json\/wp\/v2\/types\/page"}],"author":[{"embeddable":true,"href":"https:\/\/treepinus.cat\/es\/wp-json\/wp\/v2\/users\/2"}],"replies":[{"embeddable":true,"href":"https:\/\/treepinus.cat\/es\/wp-json\/wp\/v2\/comments?post=407"}],"version-history":[{"count":22,"href":"https:\/\/treepinus.cat\/es\/wp-json\/wp\/v2\/pages\/407\/revisions"}],"predecessor-version":[{"id":660,"href":"https:\/\/treepinus.cat\/es\/wp-json\/wp\/v2\/pages\/407\/revisions\/660"}],"wp:attachment":[{"href":"https:\/\/treepinus.cat\/es\/wp-json\/wp\/v2\/media?parent=407"}],"curies":[{"name":"wp","href":"https:\/\/api.w.org\/{rel}","templated":true}]}}